{"id":172,"date":"2026-02-06T12:50:36","date_gmt":"2026-02-06T11:50:36","guid":{"rendered":"https:\/\/nrt-racing.fr\/?post_type=product&#038;p=172"},"modified":"2026-03-28T19:09:56","modified_gmt":"2026-03-28T18:09:56","slug":"renfort-triangle-carbone-ar-mbx8r-mbx8reco","status":"publish","type":"product","link":"https:\/\/nrt-racing.fr\/index.php\/produit\/renfort-triangle-carbone-ar-mbx8r-mbx8reco\/","title":{"rendered":"Renfort triangle carbone AR MBX8r \/ MBX8reco"},"content":{"rendered":"<p>NRT-Racing vous propose des renforts de triangle pour votre Mugen MBX8r ou MBX8reco en divers \u00e9paisseurs. Ces derni\u00e8res offrent un r\u00e9glage suppl\u00e9mentaire en fonction du grip.<\/p>\n<p>Compatible avec les triangles E2171<\/p>\n","protected":false},"excerpt":{"rendered":"<p>NRT-Racing vous propose des renforts de triangle pour votre Mugen MBX8r ou MBX8reco en divers \u00e9paisseurs. Ces derni\u00e8res offrent un [&hellip;]<\/p>\n","protected":false},"featured_media":173,"comment_status":"open","ping_status":"closed","template":"","meta":{"site-sidebar-layout":"default","site-content-layout":"","ast-site-content-layout":"default","site-content-style":"default","site-sidebar-style":"default","ast-global-header-display":"","ast-banner-title-visibility":"","ast-main-header-display":"","ast-hfb-above-header-display":"","ast-hfb-below-header-display":"","ast-hfb-mobile-header-display":"","site-post-title":"","ast-breadcrumbs-content":"","ast-featured-img":"","footer-sml-layout":"","ast-disable-related-posts":"","theme-transparent-header-meta":"default","adv-header-id-meta":"","stick-header-meta":"","header-above-stick-meta":"","header-main-stick-meta":"","header-below-stick-meta":"","astra-migrate-meta-layouts":"set","ast-page-background-enabled":"default","ast-page-background-meta":{"desktop":{"background-color":"var(--ast-global-color-5)","background-image":"","background-repeat":"repeat","background-position":"center center","background-size":"auto","background-attachment":"scroll","background-type":"","background-media":"","overlay-type":"","overlay-color":"","overlay-opacity":"","overlay-gradient":""},"tablet":{"background-color":"","background-image":"","background-repeat":"repeat","background-position":"center center","background-size":"auto","background-attachment":"scroll","background-type":"","background-media":"","overlay-type":"","overlay-color":"","overlay-opacity":"","overlay-gradient":""},"mobile":{"background-color":"","background-image":"","background-repeat":"repeat","background-position":"center center","background-size":"auto","background-attachment":"scroll","background-type":"","background-media":"","overlay-type":"","overlay-color":"","overlay-opacity":"","overlay-gradient":""}},"ast-content-background-meta":{"desktop":{"background-color":"var(--ast-global-color-4)","background-image":"","background-repeat":"repeat","background-position":"center center","background-size":"auto","background-attachment":"scroll","background-type":"","background-media":"","overlay-type":"","overlay-color":"","overlay-opacity":"","overlay-gradient":""},"tablet":{"background-color":"var(--ast-global-color-4)","background-image":"","background-repeat":"repeat","background-position":"center center","background-size":"auto","background-attachment":"scroll","background-type":"","background-media":"","overlay-type":"","overlay-color":"","overlay-opacity":"","overlay-gradient":""},"mobile":{"background-color":"var(--ast-global-color-4)","background-image":"","background-repeat":"repeat","background-position":"center center","background-size":"auto","background-attachment":"scroll","background-type":"","background-media":"","overlay-type":"","overlay-color":"","overlay-opacity":"","overlay-gradient":""}}},"product_brand":[20],"product_cat":[22,27],"product_tag":[],"class_list":{"0":"post-172","1":"product","2":"type-product","3":"status-publish","4":"has-post-thumbnail","6":"product_brand-nrt-racing","7":"product_cat-pieces-carbone","8":"product_cat-pieces-options-nrt-racing","9":"desktop-align-left","10":"tablet-align-left","11":"mobile-align-left","13":"first","14":"outofstock","15":"shipping-taxable","16":"purchasable","17":"product-type-variable"},"_links":{"self":[{"href":"https:\/\/nrt-racing.fr\/index.php\/wp-json\/wp\/v2\/product\/172","targetHints":{"allow":["GET"]}}],"collection":[{"href":"https:\/\/nrt-racing.fr\/index.php\/wp-json\/wp\/v2\/product"}],"about":[{"href":"https:\/\/nrt-racing.fr\/index.php\/wp-json\/wp\/v2\/types\/product"}],"replies":[{"embeddable":true,"href":"https:\/\/nrt-racing.fr\/index.php\/wp-json\/wp\/v2\/comments?post=172"}],"wp:featuredmedia":[{"embeddable":true,"href":"https:\/\/nrt-racing.fr\/index.php\/wp-json\/wp\/v2\/media\/173"}],"wp:attachment":[{"href":"https:\/\/nrt-racing.fr\/index.php\/wp-json\/wp\/v2\/media?parent=172"}],"wp:term":[{"taxonomy":"product_brand","embeddable":true,"href":"https:\/\/nrt-racing.fr\/index.php\/wp-json\/wp\/v2\/product_brand?post=172"},{"taxonomy":"product_cat","embeddable":true,"href":"https:\/\/nrt-racing.fr\/index.php\/wp-json\/wp\/v2\/product_cat?post=172"},{"taxonomy":"product_tag","embeddable":true,"href":"https:\/\/nrt-racing.fr\/index.php\/wp-json\/wp\/v2\/product_tag?post=172"}],"curies":[{"name":"wp","href":"https:\/\/api.w.org\/{rel}","templated":true}]}}